{"id":189,"date":"2025-02-26T15:02:20","date_gmt":"2025-02-26T14:02:20","guid":{"rendered":"https:\/\/dev.simplymarketing.se\/zubehoer\/"},"modified":"2025-02-26T15:19:56","modified_gmt":"2025-02-26T14:19:56","slug":"zubehoer","status":"publish","type":"page","link":"https:\/\/dev.simplymarketing.se\/de\/zubehoer\/","title":{"rendered":"Zubeh\u00f6r"},"content":{"rendered":"\t\t<div data-elementor-type=\"wp-page\" data-elementor-id=\"189\" class=\"elementor elementor-189 elementor-66\" data-elementor-post-type=\"page\">\n\t\t\t\t<div class=\"elementor-element elementor-element-35ef1ea3 e-flex e-con-boxed e-con e-parent\" data-id=\"35ef1ea3\" data-element_type=\"container\" data-settings=\"{&quot;background_background&quot;:&quot;gradient&quot;}\">\n\t\t\t\t\t<div class=\"e-con-inner\">\n\t\t<div class=\"elementor-element elementor-element-268228a9 e-con-full e-flex e-con e-child\" data-id=\"268228a9\" data-element_type=\"container\">\n\t\t\t\t<div class=\"elementor-element elementor-element-14808dfc elementor-invisible elementor-widget elementor-widget-heading\" data-id=\"14808dfc\" data-element_type=\"widget\" data-settings=\"{&quot;_animation&quot;:&quot;fadeIn&quot;,&quot;_animation_tablet&quot;:&quot;fadeIn&quot;,&quot;_animation_mobile&quot;:&quot;fadeIn&quot;}\" data-widget_type=\"heading.default\">\n\t\t\t\t<div class=\"elementor-widget-container\">\n\t\t\t\t\t<h1 class=\"elementor-heading-title elementor-size-default\">Zubeh\u00f6r f\u00fcr Z\u00e4une und Terrassengel\u00e4nder<\/h1>\t\t\t\t<\/div>\n\t\t\t\t<\/div>\n\t\t\t\t<div class=\"elementor-element elementor-element-477327dd elementor-invisible elementor-widget elementor-widget-text-editor\" data-id=\"477327dd\" data-element_type=\"widget\" data-settings=\"{&quot;_animation&quot;:&quot;fadeIn&quot;,&quot;_animation_tablet&quot;:&quot;fadeIn&quot;,&quot;_animation_mobile&quot;:&quot;fadeIn&quot;,&quot;_animation_delay&quot;:300}\" data-widget_type=\"text-editor.default\">\n\t\t\t\t<div class=\"elementor-widget-container\">\n\t\t\t\t\t\t\t\t\t<p>Hier finden Sie cleveres Zubeh\u00f6r f\u00fcr Ihren Zaun, Terrassengel\u00e4nder und Sichtschutzzaun.<\/p>\t\t\t\t\t\t\t\t<\/div>\n\t\t\t\t<\/div>\n\t\t\t\t<div class=\"elementor-element elementor-element-3263422a elementor-align-center elementor-widget elementor-widget-button\" data-id=\"3263422a\" data-element_type=\"widget\" data-widget_type=\"button.default\">\n\t\t\t\t<div class=\"elementor-widget-container\">\n\t\t\t\t\t\t\t\t\t<div class=\"elementor-button-wrapper\">\n\t\t\t\t\t<a class=\"elementor-button elementor-button-link elementor-size-sm elementor-animation-grow\" href=\"https:\/\/steeldesign.se\/kopguide\/\">\n\t\t\t\t\t\t<span class=\"elementor-button-content-wrapper\">\n\t\t\t\t\t\t\t\t\t<span class=\"elementor-button-text\">K\u00c4UFERLEITFADEN<\/span>\n\t\t\t\t\t<\/span>\n\t\t\t\t\t<\/a>\n\t\t\t\t<\/div>\n\t\t\t\t\t\t\t\t<\/div>\n\t\t\t\t<\/div>\n\t\t\t\t<\/div>\n\t\t<div class=\"elementor-element elementor-element-6b51aaef e-con-full e-flex e-con e-child\" data-id=\"6b51aaef\" data-element_type=\"container\" data-settings=\"{&quot;background_background&quot;:&quot;classic&quot;}\">\n\t\t\t\t<\/div>\n\t\t\t\t\t<\/div>\n\t\t\t\t<\/div>\n\t\t<div class=\"elementor-element elementor-element-11f2785f e-flex e-con-boxed e-con e-parent\" data-id=\"11f2785f\" data-element_type=\"container\">\n\t\t\t\t\t<div class=\"e-con-inner\">\n\t\t\t\t\t<\/div>\n\t\t\t\t<\/div>\n\t\t\t\t<\/div>\n\t\t","protected":false},"excerpt":{"rendered":"<p>Zubeh\u00f6r f\u00fcr Z\u00e4une und Terrassengel\u00e4nder Hier finden Sie cleveres Zubeh\u00f6r f\u00fcr Ihren Zaun, Terrassengel\u00e4nder und Sichtschutzzaun. K\u00c4UFERLEITFADEN<\/p>\n","protected":false},"author":1,"featured_media":177,"parent":0,"menu_order":0,"comment_status":"closed","ping_status":"closed","template":"elementor_header_footer","meta":{"footnotes":""},"class_list":["post-189","page","type-page","status-publish","has-post-thumbnail","hentry"],"yoast_head":"<!-- This site is optimized with the Yoast SEO plugin v24.5 - https:\/\/yoast.com\/wordpress\/plugins\/seo\/ -->\n<title>Zubeh\u00f6r - DEV<\/title>\n<meta name=\"robots\" content=\"noindex, follow, max-snippet:-1, max-image-preview:large, max-video-preview:-1\" \/>\n<meta property=\"og:locale\" content=\"de_DE\" \/>\n<meta property=\"og:type\" content=\"article\" \/>\n<meta property=\"og:title\" content=\"Zubeh\u00f6r - DEV\" \/>\n<meta property=\"og:description\" content=\"Zubeh\u00f6r f\u00fcr Z\u00e4une und Terrassengel\u00e4nder Hier finden Sie cleveres Zubeh\u00f6r f\u00fcr Ihren Zaun, Terrassengel\u00e4nder und Sichtschutzzaun. K\u00c4UFERLEITFADEN\" \/>\n<meta property=\"og:url\" content=\"https:\/\/dev.simplymarketing.se\/de\/zubehoer\/\" \/>\n<meta property=\"og:site_name\" content=\"DEV\" \/>\n<meta property=\"article:modified_time\" content=\"2025-02-26T14:19:56+00:00\" \/>\n<meta property=\"og:image\" content=\"https:\/\/dev.simplymarketing.se\/wp-content\/uploads\/2025\/02\/Harstena-altan-staket-vinter-mindre.jpg\" \/>\n\t<meta property=\"og:image:width\" content=\"810\" \/>\n\t<meta property=\"og:image:height\" content=\"540\" \/>\n\t<meta property=\"og:image:type\" content=\"image\/jpeg\" \/>\n<meta name=\"twitter:card\" content=\"summary_large_image\" \/>\n<script type=\"application\/ld+json\" class=\"yoast-schema-graph\">{\"@context\":\"https:\/\/schema.org\",\"@graph\":[{\"@type\":\"WebPage\",\"@id\":\"https:\/\/dev.simplymarketing.se\/de\/zubehoer\/\",\"url\":\"https:\/\/dev.simplymarketing.se\/de\/zubehoer\/\",\"name\":\"Zubeh\u00f6r - DEV\",\"isPartOf\":{\"@id\":\"https:\/\/dev.simplymarketing.se\/de\/#website\"},\"primaryImageOfPage\":{\"@id\":\"https:\/\/dev.simplymarketing.se\/de\/zubehoer\/#primaryimage\"},\"image\":{\"@id\":\"https:\/\/dev.simplymarketing.se\/de\/zubehoer\/#primaryimage\"},\"thumbnailUrl\":\"https:\/\/dev.simplymarketing.se\/wp-content\/uploads\/2025\/02\/Harstena-altan-staket-vinter-mindre.jpg\",\"datePublished\":\"2025-02-26T14:02:20+00:00\",\"dateModified\":\"2025-02-26T14:19:56+00:00\",\"breadcrumb\":{\"@id\":\"https:\/\/dev.simplymarketing.se\/de\/zubehoer\/#breadcrumb\"},\"inLanguage\":\"de\",\"potentialAction\":[{\"@type\":\"ReadAction\",\"target\":[\"https:\/\/dev.simplymarketing.se\/de\/zubehoer\/\"]}]},{\"@type\":\"ImageObject\",\"inLanguage\":\"de\",\"@id\":\"https:\/\/dev.simplymarketing.se\/de\/zubehoer\/#primaryimage\",\"url\":\"https:\/\/dev.simplymarketing.se\/wp-content\/uploads\/2025\/02\/Harstena-altan-staket-vinter-mindre.jpg\",\"contentUrl\":\"https:\/\/dev.simplymarketing.se\/wp-content\/uploads\/2025\/02\/Harstena-altan-staket-vinter-mindre.jpg\",\"width\":810,\"height\":540},{\"@type\":\"BreadcrumbList\",\"@id\":\"https:\/\/dev.simplymarketing.se\/de\/zubehoer\/#breadcrumb\",\"itemListElement\":[{\"@type\":\"ListItem\",\"position\":1,\"name\":\"Hem\",\"item\":\"https:\/\/dev.simplymarketing.se\/de\/\"},{\"@type\":\"ListItem\",\"position\":2,\"name\":\"Zubeh\u00f6r\"}]},{\"@type\":\"WebSite\",\"@id\":\"https:\/\/dev.simplymarketing.se\/de\/#website\",\"url\":\"https:\/\/dev.simplymarketing.se\/de\/\",\"name\":\"DEV\",\"description\":\"\",\"potentialAction\":[{\"@type\":\"SearchAction\",\"target\":{\"@type\":\"EntryPoint\",\"urlTemplate\":\"https:\/\/dev.simplymarketing.se\/de\/?s={search_term_string}\"},\"query-input\":{\"@type\":\"PropertyValueSpecification\",\"valueRequired\":true,\"valueName\":\"search_term_string\"}}],\"inLanguage\":\"de\"}]}<\/script>\n<!-- \/ Yoast SEO plugin. -->","yoast_head_json":{"title":"Zubeh\u00f6r - DEV","robots":{"index":"noindex","follow":"follow","max-snippet":"max-snippet:-1","max-image-preview":"max-image-preview:large","max-video-preview":"max-video-preview:-1"},"og_locale":"de_DE","og_type":"article","og_title":"Zubeh\u00f6r - DEV","og_description":"Zubeh\u00f6r f\u00fcr Z\u00e4une und Terrassengel\u00e4nder Hier finden Sie cleveres Zubeh\u00f6r f\u00fcr Ihren Zaun, Terrassengel\u00e4nder und Sichtschutzzaun. K\u00c4UFERLEITFADEN","og_url":"https:\/\/dev.simplymarketing.se\/de\/zubehoer\/","og_site_name":"DEV","article_modified_time":"2025-02-26T14:19:56+00:00","og_image":[{"width":810,"height":540,"url":"https:\/\/dev.simplymarketing.se\/wp-content\/uploads\/2025\/02\/Harstena-altan-staket-vinter-mindre.jpg","type":"image\/jpeg"}],"twitter_card":"summary_large_image","schema":{"@context":"https:\/\/schema.org","@graph":[{"@type":"WebPage","@id":"https:\/\/dev.simplymarketing.se\/de\/zubehoer\/","url":"https:\/\/dev.simplymarketing.se\/de\/zubehoer\/","name":"Zubeh\u00f6r - DEV","isPartOf":{"@id":"https:\/\/dev.simplymarketing.se\/de\/#website"},"primaryImageOfPage":{"@id":"https:\/\/dev.simplymarketing.se\/de\/zubehoer\/#primaryimage"},"image":{"@id":"https:\/\/dev.simplymarketing.se\/de\/zubehoer\/#primaryimage"},"thumbnailUrl":"https:\/\/dev.simplymarketing.se\/wp-content\/uploads\/2025\/02\/Harstena-altan-staket-vinter-mindre.jpg","datePublished":"2025-02-26T14:02:20+00:00","dateModified":"2025-02-26T14:19:56+00:00","breadcrumb":{"@id":"https:\/\/dev.simplymarketing.se\/de\/zubehoer\/#breadcrumb"},"inLanguage":"de","potentialAction":[{"@type":"ReadAction","target":["https:\/\/dev.simplymarketing.se\/de\/zubehoer\/"]}]},{"@type":"ImageObject","inLanguage":"de","@id":"https:\/\/dev.simplymarketing.se\/de\/zubehoer\/#primaryimage","url":"https:\/\/dev.simplymarketing.se\/wp-content\/uploads\/2025\/02\/Harstena-altan-staket-vinter-mindre.jpg","contentUrl":"https:\/\/dev.simplymarketing.se\/wp-content\/uploads\/2025\/02\/Harstena-altan-staket-vinter-mindre.jpg","width":810,"height":540},{"@type":"BreadcrumbList","@id":"https:\/\/dev.simplymarketing.se\/de\/zubehoer\/#breadcrumb","itemListElement":[{"@type":"ListItem","position":1,"name":"Hem","item":"https:\/\/dev.simplymarketing.se\/de\/"},{"@type":"ListItem","position":2,"name":"Zubeh\u00f6r"}]},{"@type":"WebSite","@id":"https:\/\/dev.simplymarketing.se\/de\/#website","url":"https:\/\/dev.simplymarketing.se\/de\/","name":"DEV","description":"","potentialAction":[{"@type":"SearchAction","target":{"@type":"EntryPoint","urlTemplate":"https:\/\/dev.simplymarketing.se\/de\/?s={search_term_string}"},"query-input":{"@type":"PropertyValueSpecification","valueRequired":true,"valueName":"search_term_string"}}],"inLanguage":"de"}]}},"_links":{"self":[{"href":"https:\/\/dev.simplymarketing.se\/de\/wp-json\/wp\/v2\/pages\/189","targetHints":{"allow":["GET"]}}],"collection":[{"href":"https:\/\/dev.simplymarketing.se\/de\/wp-json\/wp\/v2\/pages"}],"about":[{"href":"https:\/\/dev.simplymarketing.se\/de\/wp-json\/wp\/v2\/types\/page"}],"author":[{"embeddable":true,"href":"https:\/\/dev.simplymarketing.se\/de\/wp-json\/wp\/v2\/users\/1"}],"replies":[{"embeddable":true,"href":"https:\/\/dev.simplymarketing.se\/de\/wp-json\/wp\/v2\/comments?post=189"}],"version-history":[{"count":1,"href":"https:\/\/dev.simplymarketing.se\/de\/wp-json\/wp\/v2\/pages\/189\/revisions"}],"predecessor-version":[{"id":191,"href":"https:\/\/dev.simplymarketing.se\/de\/wp-json\/wp\/v2\/pages\/189\/revisions\/191"}],"wp:featuredmedia":[{"embeddable":true,"href":"https:\/\/dev.simplymarketing.se\/de\/wp-json\/wp\/v2\/media\/177"}],"wp:attachment":[{"href":"https:\/\/dev.simplymarketing.se\/de\/wp-json\/wp\/v2\/media?parent=189"}],"curies":[{"name":"wp","href":"https:\/\/api.w.org\/{rel}","templated":true}]}}