{"id":227,"date":"2025-02-26T15:02:17","date_gmt":"2025-02-26T14:02:17","guid":{"rendered":"https:\/\/dev.simplymarketing.se\/zaeune\/"},"modified":"2025-02-26T15:22:03","modified_gmt":"2025-02-26T14:22:03","slug":"zaeune","status":"publish","type":"page","link":"https:\/\/dev.simplymarketing.se\/de\/zaeune\/","title":{"rendered":"Z\u00e4une"},"content":{"rendered":"\t\t<div data-elementor-type=\"wp-page\" data-elementor-id=\"227\" class=\"elementor elementor-227 elementor-50\" data-elementor-post-type=\"page\">\n\t\t\t\t<div class=\"elementor-element elementor-element-44c46bed e-flex e-con-boxed e-con e-parent\" data-id=\"44c46bed\" data-element_type=\"container\" data-settings=\"{&quot;background_background&quot;:&quot;gradient&quot;}\">\n\t\t\t\t\t<div class=\"e-con-inner\">\n\t\t<div class=\"elementor-element elementor-element-107ebff9 e-con-full e-flex e-con e-child\" data-id=\"107ebff9\" data-element_type=\"container\">\n\t\t\t\t<div class=\"elementor-element elementor-element-7a6f27ae elementor-invisible elementor-widget elementor-widget-heading\" data-id=\"7a6f27ae\" data-element_type=\"widget\" data-settings=\"{&quot;_animation&quot;:&quot;fadeIn&quot;,&quot;_animation_tablet&quot;:&quot;fadeIn&quot;,&quot;_animation_mobile&quot;:&quot;fadeIn&quot;}\" data-widget_type=\"heading.default\">\n\t\t\t\t<div class=\"elementor-widget-container\">\n\t\t\t\t\t<h1 class=\"elementor-heading-title elementor-size-default\">Z\u00e4une und Sichtschutzz\u00e4une f\u00fcr Terrassen und G\u00e4rten<\/h1>\t\t\t\t<\/div>\n\t\t\t\t<\/div>\n\t\t\t\t<div class=\"elementor-element elementor-element-7be3a47e elementor-invisible elementor-widget elementor-widget-text-editor\" data-id=\"7be3a47e\" data-element_type=\"widget\" data-settings=\"{&quot;_animation&quot;:&quot;fadeIn&quot;,&quot;_animation_tablet&quot;:&quot;fadeIn&quot;,&quot;_animation_mobile&quot;:&quot;fadeIn&quot;,&quot;_animation_delay&quot;:300}\" data-widget_type=\"text-editor.default\">\n\t\t\t\t<div class=\"elementor-widget-container\">\n\t\t\t\t\t\t\t\t\t<p>Wartungsfreie Zaunpfosten mit einem stilvollen Design. W\u00e4hlen Sie das Modell und die Farbe des Pfostens und kombinieren Sie ihn mit druckbehandeltem Holz aus Ihrem Baumarkt. Langlebig und erschwinglich.  <\/p>\t\t\t\t\t\t\t\t<\/div>\n\t\t\t\t<\/div>\n\t\t\t\t<div class=\"elementor-element elementor-element-489399cf elementor-align-center elementor-widget elementor-widget-button\" data-id=\"489399cf\" data-element_type=\"widget\" data-widget_type=\"button.default\">\n\t\t\t\t<div class=\"elementor-widget-container\">\n\t\t\t\t\t\t\t\t\t<div class=\"elementor-button-wrapper\">\n\t\t\t\t\t<a class=\"elementor-button elementor-button-link elementor-size-sm elementor-animation-grow\" href=\"https:\/\/steeldesign.se\/kopguide\/\">\n\t\t\t\t\t\t<span class=\"elementor-button-content-wrapper\">\n\t\t\t\t\t\t\t\t\t<span class=\"elementor-button-text\">K\u00c4UFERLEITFADEN<\/span>\n\t\t\t\t\t<\/span>\n\t\t\t\t\t<\/a>\n\t\t\t\t<\/div>\n\t\t\t\t\t\t\t\t<\/div>\n\t\t\t\t<\/div>\n\t\t\t\t<\/div>\n\t\t<div class=\"elementor-element elementor-element-1f5be6ff e-con-full e-flex e-con e-child\" data-id=\"1f5be6ff\" data-element_type=\"container\" data-settings=\"{&quot;background_background&quot;:&quot;classic&quot;}\">\n\t\t\t\t<\/div>\n\t\t\t\t\t<\/div>\n\t\t\t\t<\/div>\n\t\t<div class=\"elementor-element elementor-element-666eff39 e-flex e-con-boxed e-con e-parent\" data-id=\"666eff39\" data-element_type=\"container\" data-settings=\"{&quot;background_background&quot;:&quot;classic&quot;}\">\n\t\t\t\t\t<div class=\"e-con-inner\">\n\t\t<div class=\"elementor-element elementor-element-14607d17 e-con-full animated-slow e-flex elementor-invisible e-con e-child\" data-id=\"14607d17\" data-element_type=\"container\" data-settings=\"{&quot;animation&quot;:&quot;fadeInLeft&quot;,&quot;animation_delay&quot;:400,&quot;animation_tablet&quot;:&quot;fadeInLeft&quot;,&quot;animation_mobile&quot;:&quot;fadeIn&quot;}\">\n\t\t\t\t<div class=\"elementor-element elementor-element-39a0ba5b elementor-widget__width-inherit elementor-widget elementor-widget-image\" data-id=\"39a0ba5b\" data-element_type=\"widget\" data-widget_type=\"image.default\">\n\t\t\t\t<div class=\"elementor-widget-container\">\n\t\t\t\t\t\t\t\t\t\t\t\t\t\t\t\t<a href=\"https:\/\/steeldesign.se\/staket\/tallkobben\/\">\n\t\t\t\t\t\t\t<img fetchpriority=\"high\" decoding=\"async\" width=\"800\" height=\"534\" src=\"https:\/\/dev.simplymarketing.se\/wp-content\/uploads\/2025\/02\/Tallkobben-Staket-altan-grill-1024x683.jpg\" class=\"attachment-large size-large wp-image-52\" alt=\"\" srcset=\"https:\/\/dev.simplymarketing.se\/wp-content\/uploads\/2025\/02\/Tallkobben-Staket-altan-grill-1024x683.jpg 1024w, https:\/\/dev.simplymarketing.se\/wp-content\/uploads\/2025\/02\/Tallkobben-Staket-altan-grill-600x400.jpg 600w, https:\/\/dev.simplymarketing.se\/wp-content\/uploads\/2025\/02\/Tallkobben-Staket-altan-grill-300x200.jpg 300w, https:\/\/dev.simplymarketing.se\/wp-content\/uploads\/2025\/02\/Tallkobben-Staket-altan-grill-768x512.jpg 768w, https:\/\/dev.simplymarketing.se\/wp-content\/uploads\/2025\/02\/Tallkobben-Staket-altan-grill.jpg 1521w\" sizes=\"(max-width: 800px) 100vw, 800px\" \/>\t\t\t\t\t\t\t\t<\/a>\n\t\t\t\t\t\t\t\t\t\t\t\t\t\t\t<\/div>\n\t\t\t\t<\/div>\n\t\t<div class=\"elementor-element elementor-element-1fed8ad3 e-con-full e-flex e-con e-child\" data-id=\"1fed8ad3\" data-element_type=\"container\">\n\t\t\t\t<div class=\"elementor-element elementor-element-c6d873c elementor-widget elementor-widget-heading\" data-id=\"c6d873c\" data-element_type=\"widget\" data-widget_type=\"heading.default\">\n\t\t\t\t<div class=\"elementor-widget-container\">\n\t\t\t\t\t<h3 class=\"elementor-heading-title elementor-size-default\"><a href=\"https:\/\/steeldesign.se\/staket\/tallkobben\/\">Tallkobben<\/a><\/h3>\t\t\t\t<\/div>\n\t\t\t\t<\/div>\n\t\t\t\t<div class=\"elementor-element elementor-element-350759dc elementor-hidden-desktop elementor-widget elementor-widget-heading\" data-id=\"350759dc\" data-element_type=\"widget\" data-widget_type=\"heading.default\">\n\t\t\t\t<div class=\"elementor-widget-container\">\n\t\t\t\t\t<h3 class=\"elementor-heading-title elementor-size-default\">ZAUN MIT VERDREHTEN RIPPEN<\/h3>\t\t\t\t<\/div>\n\t\t\t\t<\/div>\n\t\t\t\t<div class=\"elementor-element elementor-element-4b3b3dda elementor-hidden-tablet elementor-hidden-mobile elementor-widget elementor-widget-heading\" data-id=\"4b3b3dda\" data-element_type=\"widget\" data-widget_type=\"heading.default\">\n\t\t\t\t<div class=\"elementor-widget-container\">\n\t\t\t\t\t<h3 class=\"elementor-heading-title elementor-size-default\">ZAUN MIT <br>GEDREHTEN RIPPEN<\/h3>\t\t\t\t<\/div>\n\t\t\t\t<\/div>\n\t\t\t\t<div class=\"elementor-element elementor-element-59781619 elementor-widget elementor-widget-text-editor\" data-id=\"59781619\" data-element_type=\"widget\" data-widget_type=\"text-editor.default\">\n\t\t\t\t<div class=\"elementor-widget-container\">\n\t\t\t\t\t\t\t\t\t<p>Der Tallkobbenzaun f\u00fcr Holzlatten, die um 45 Grad gedreht angebracht werden.  <\/p>\t\t\t\t\t\t\t\t<\/div>\n\t\t\t\t<\/div>\n\t\t\t\t<div class=\"elementor-element elementor-element-4fd88833 elementor-align-center elementor-widget elementor-widget-button\" data-id=\"4fd88833\" data-element_type=\"widget\" data-widget_type=\"button.default\">\n\t\t\t\t<div class=\"elementor-widget-container\">\n\t\t\t\t\t\t\t\t\t<div class=\"elementor-button-wrapper\">\n\t\t\t\t\t<a class=\"elementor-button elementor-button-link elementor-size-sm elementor-animation-grow\" href=\"https:\/\/steeldesign.se\/staket\/tallkobben\/\">\n\t\t\t\t\t\t<span class=\"elementor-button-content-wrapper\">\n\t\t\t\t\t\t\t\t\t<span class=\"elementor-button-text\">LESEN SIE MEHR<\/span>\n\t\t\t\t\t<\/span>\n\t\t\t\t\t<\/a>\n\t\t\t\t<\/div>\n\t\t\t\t\t\t\t\t<\/div>\n\t\t\t\t<\/div>\n\t\t\t\t<\/div>\n\t\t\t\t<\/div>\n\t\t<div class=\"elementor-element elementor-element-28d92434 e-con-full animated-slow e-flex elementor-invisible e-con e-child\" data-id=\"28d92434\" data-element_type=\"container\" data-settings=\"{&quot;animation&quot;:&quot;fadeInLeft&quot;,&quot;animation_delay&quot;:700,&quot;animation_tablet&quot;:&quot;fadeInLeft&quot;,&quot;animation_mobile&quot;:&quot;fadeIn&quot;}\">\n\t\t\t\t<div class=\"elementor-element elementor-element-1f9d5fe4 elementor-widget__width-inherit elementor-widget elementor-widget-image\" data-id=\"1f9d5fe4\" data-element_type=\"widget\" data-widget_type=\"image.default\">\n\t\t\t\t<div class=\"elementor-widget-container\">\n\t\t\t\t\t\t\t\t\t\t\t\t\t\t\t\t<a href=\"https:\/\/steeldesign.se\/produkt\/broken\/\">\n\t\t\t\t\t\t\t<img decoding=\"async\" width=\"729\" height=\"486\" src=\"https:\/\/dev.simplymarketing.se\/wp-content\/uploads\/2025\/02\/Broken-staket-insynsskydd-altan-4.jpg\" class=\"attachment-large size-large wp-image-53\" alt=\"\" srcset=\"https:\/\/dev.simplymarketing.se\/wp-content\/uploads\/2025\/02\/Broken-staket-insynsskydd-altan-4.jpg 729w, https:\/\/dev.simplymarketing.se\/wp-content\/uploads\/2025\/02\/Broken-staket-insynsskydd-altan-4-600x400.jpg 600w, https:\/\/dev.simplymarketing.se\/wp-content\/uploads\/2025\/02\/Broken-staket-insynsskydd-altan-4-300x200.jpg 300w\" sizes=\"(max-width: 729px) 100vw, 729px\" \/>\t\t\t\t\t\t\t\t<\/a>\n\t\t\t\t\t\t\t\t\t\t\t\t\t\t\t<\/div>\n\t\t\t\t<\/div>\n\t\t<div class=\"elementor-element elementor-element-aa4d4fb e-con-full e-flex e-con e-child\" data-id=\"aa4d4fb\" data-element_type=\"container\">\n\t\t\t\t<div class=\"elementor-element elementor-element-47a3f7dc elementor-widget elementor-widget-heading\" data-id=\"47a3f7dc\" data-element_type=\"widget\" data-widget_type=\"heading.default\">\n\t\t\t\t<div class=\"elementor-widget-container\">\n\t\t\t\t\t<h3 class=\"elementor-heading-title elementor-size-default\"><a href=\"https:\/\/steeldesign.se\/produkt\/broken\/\">Zerbrochen<\/a><\/h3>\t\t\t\t<\/div>\n\t\t\t\t<\/div>\n\t\t\t\t<div class=\"elementor-element elementor-element-70112c45 elementor-hidden-desktop elementor-widget elementor-widget-heading\" data-id=\"70112c45\" data-element_type=\"widget\" data-widget_type=\"heading.default\">\n\t\t\t\t<div class=\"elementor-widget-container\">\n\t\t\t\t\t<h3 class=\"elementor-heading-title elementor-size-default\">EINBLICKE MIT <br>STRAFFERE B\u00c4NDER  <\/h3>\t\t\t\t<\/div>\n\t\t\t\t<\/div>\n\t\t\t\t<div class=\"elementor-element elementor-element-74c58a62 elementor-hidden-tablet elementor-hidden-mobile elementor-widget elementor-widget-heading\" data-id=\"74c58a62\" data-element_type=\"widget\" data-widget_type=\"heading.default\">\n\t\t\t\t<div class=\"elementor-widget-container\">\n\t\t\t\t\t<h3 class=\"elementor-heading-title elementor-size-default\">EINBLICKE MIT <br>STRAFFERE B\u00c4NDER  <\/h3>\t\t\t\t<\/div>\n\t\t\t\t<\/div>\n\t\t\t\t<div class=\"elementor-element elementor-element-6d36b740 elementor-widget elementor-widget-text-editor\" data-id=\"6d36b740\" data-element_type=\"widget\" data-widget_type=\"text-editor.default\">\n\t\t\t\t<div class=\"elementor-widget-container\">\n\t\t\t\t\t\t\t\t\t<p>Der Broken-Zaun hat verdrehte Rippen, die enger zusammenstehen, um die Sichtbarkeit zu verringern.<\/p>\t\t\t\t\t\t\t\t<\/div>\n\t\t\t\t<\/div>\n\t\t\t\t<div class=\"elementor-element elementor-element-35bf7c43 elementor-align-center elementor-widget elementor-widget-button\" data-id=\"35bf7c43\" data-element_type=\"widget\" data-widget_type=\"button.default\">\n\t\t\t\t<div class=\"elementor-widget-container\">\n\t\t\t\t\t\t\t\t\t<div class=\"elementor-button-wrapper\">\n\t\t\t\t\t<a class=\"elementor-button elementor-button-link elementor-size-sm elementor-animation-grow\" href=\"https:\/\/steeldesign.se\/produkt\/broken\/\">\n\t\t\t\t\t\t<span class=\"elementor-button-content-wrapper\">\n\t\t\t\t\t\t\t\t\t<span class=\"elementor-button-text\">LESEN SIE MEHR<\/span>\n\t\t\t\t\t<\/span>\n\t\t\t\t\t<\/a>\n\t\t\t\t<\/div>\n\t\t\t\t\t\t\t\t<\/div>\n\t\t\t\t<\/div>\n\t\t\t\t<\/div>\n\t\t\t\t<\/div>\n\t\t<div class=\"elementor-element elementor-element-3d90aecb e-con-full animated-slow e-flex elementor-invisible e-con e-child\" data-id=\"3d90aecb\" data-element_type=\"container\" data-settings=\"{&quot;animation&quot;:&quot;fadeInLeft&quot;,&quot;animation_delay&quot;:1000,&quot;animation_tablet&quot;:&quot;fadeInLeft&quot;,&quot;animation_mobile&quot;:&quot;fadeIn&quot;}\">\n\t\t\t\t<div class=\"elementor-element elementor-element-d3c2d9 elementor-widget__width-inherit elementor-widget elementor-widget-image\" data-id=\"d3c2d9\" data-element_type=\"widget\" data-widget_type=\"image.default\">\n\t\t\t\t<div class=\"elementor-widget-container\">\n\t\t\t\t\t\t\t\t\t\t\t\t\t\t\t\t<a href=\"https:\/\/steeldesign.se\/staket\/harstena\/\">\n\t\t\t\t\t\t\t<img decoding=\"async\" width=\"800\" height=\"533\" src=\"https:\/\/dev.simplymarketing.se\/wp-content\/uploads\/2025\/02\/Harstena-staket-altan-2-2.jpg\" class=\"attachment-large size-large wp-image-54\" alt=\"\" srcset=\"https:\/\/dev.simplymarketing.se\/wp-content\/uploads\/2025\/02\/Harstena-staket-altan-2-2.jpg 888w, https:\/\/dev.simplymarketing.se\/wp-content\/uploads\/2025\/02\/Harstena-staket-altan-2-2-600x400.jpg 600w, https:\/\/dev.simplymarketing.se\/wp-content\/uploads\/2025\/02\/Harstena-staket-altan-2-2-300x200.jpg 300w, https:\/\/dev.simplymarketing.se\/wp-content\/uploads\/2025\/02\/Harstena-staket-altan-2-2-768x512.jpg 768w\" sizes=\"(max-width: 800px) 100vw, 800px\" \/>\t\t\t\t\t\t\t\t<\/a>\n\t\t\t\t\t\t\t\t\t\t\t\t\t\t\t<\/div>\n\t\t\t\t<\/div>\n\t\t<div class=\"elementor-element elementor-element-4a93321f e-con-full e-flex e-con e-child\" data-id=\"4a93321f\" data-element_type=\"container\">\n\t\t\t\t<div class=\"elementor-element elementor-element-67f9e139 elementor-widget elementor-widget-heading\" data-id=\"67f9e139\" data-element_type=\"widget\" data-widget_type=\"heading.default\">\n\t\t\t\t<div class=\"elementor-widget-container\">\n\t\t\t\t\t<h3 class=\"elementor-heading-title elementor-size-default\"><a href=\"https:\/\/steeldesign.se\/staket\/harstena\/\">Harstena<\/a><\/h3>\t\t\t\t<\/div>\n\t\t\t\t<\/div>\n\t\t\t\t<div class=\"elementor-element elementor-element-7bd30f3b elementor-hidden-desktop elementor-widget elementor-widget-heading\" data-id=\"7bd30f3b\" data-element_type=\"widget\" data-widget_type=\"heading.default\">\n\t\t\t\t<div class=\"elementor-widget-container\">\n\t\t\t\t\t<h3 class=\"elementor-heading-title elementor-size-default\">STILVOLLER ZAUN <br>MIT GERADEN RIPPEN<\/h3>\t\t\t\t<\/div>\n\t\t\t\t<\/div>\n\t\t\t\t<div class=\"elementor-element elementor-element-4aa789b6 elementor-hidden-tablet elementor-hidden-mobile elementor-widget elementor-widget-heading\" data-id=\"4aa789b6\" data-element_type=\"widget\" data-widget_type=\"heading.default\">\n\t\t\t\t<div class=\"elementor-widget-container\">\n\t\t\t\t\t<h3 class=\"elementor-heading-title elementor-size-default\">STILVOLLER ZAUN <br>MIT GERADEN RIPPEN<\/h3>\t\t\t\t<\/div>\n\t\t\t\t<\/div>\n\t\t\t\t<div class=\"elementor-element elementor-element-3d81fe4 elementor-widget elementor-widget-text-editor\" data-id=\"3d81fe4\" data-element_type=\"widget\" data-widget_type=\"text-editor.default\">\n\t\t\t\t<div class=\"elementor-widget-container\">\n\t\t\t\t\t\t\t\t\t<p>Der Harstena-Zaun ist f\u00fcr Rippen konzipiert, die gerade im 90-Grad-Winkel angebracht werden.&nbsp;<\/p>\t\t\t\t\t\t\t\t<\/div>\n\t\t\t\t<\/div>\n\t\t\t\t<div class=\"elementor-element elementor-element-e04f96c elementor-align-center elementor-widget elementor-widget-button\" data-id=\"e04f96c\" data-element_type=\"widget\" data-widget_type=\"button.default\">\n\t\t\t\t<div class=\"elementor-widget-container\">\n\t\t\t\t\t\t\t\t\t<div class=\"elementor-button-wrapper\">\n\t\t\t\t\t<a class=\"elementor-button elementor-button-link elementor-size-sm elementor-animation-grow\" href=\"https:\/\/steeldesign.se\/staket\/harstena\/\">\n\t\t\t\t\t\t<span class=\"elementor-button-content-wrapper\">\n\t\t\t\t\t\t\t\t\t<span class=\"elementor-button-text\">LESEN SIE MEHR<\/span>\n\t\t\t\t\t<\/span>\n\t\t\t\t\t<\/a>\n\t\t\t\t<\/div>\n\t\t\t\t\t\t\t\t<\/div>\n\t\t\t\t<\/div>\n\t\t\t\t<\/div>\n\t\t\t\t<\/div>\n\t\t\t\t\t<\/div>\n\t\t\t\t<\/div>\n\t\t\t\t<\/div>\n\t\t","protected":false},"excerpt":{"rendered":"<p>Z\u00e4une und Sichtschutzz\u00e4une f\u00fcr Terrassen und G\u00e4rten Wartungsfreie Zaunpfosten mit einem stilvollen Design. W\u00e4hlen Sie das Modell und die Farbe des Pfostens und kombinieren Sie ihn mit druckbehandeltem Holz aus Ihrem Baumarkt. Langlebig und erschwinglich. K\u00c4UFERLEITFADEN Tallkobben ZAUN MIT VERDREHTEN RIPPEN ZAUN MIT GEDREHTEN RIPPEN Der Tallkobbenzaun f\u00fcr Holzlatten, die um 45 Grad gedreht angebracht [&hellip;]<\/p>\n","protected":false},"author":1,"featured_media":174,"parent":0,"menu_order":0,"comment_status":"closed","ping_status":"closed","template":"elementor_header_footer","meta":{"footnotes":""},"class_list":["post-227","page","type-page","status-publish","has-post-thumbnail","hentry"],"yoast_head":"<!-- This site is optimized with the Yoast SEO plugin v24.5 - https:\/\/yoast.com\/wordpress\/plugins\/seo\/ -->\n<title>Z\u00e4une - DEV<\/title>\n<meta name=\"robots\" content=\"noindex, follow, max-snippet:-1, max-image-preview:large, max-video-preview:-1\" \/>\n<meta property=\"og:locale\" content=\"de_DE\" \/>\n<meta property=\"og:type\" content=\"article\" \/>\n<meta property=\"og:title\" content=\"Z\u00e4une - DEV\" \/>\n<meta property=\"og:description\" content=\"Z\u00e4une und Sichtschutzz\u00e4une f\u00fcr Terrassen und G\u00e4rten Wartungsfreie Zaunpfosten mit einem stilvollen Design. W\u00e4hlen Sie das Modell und die Farbe des Pfostens und kombinieren Sie ihn mit druckbehandeltem Holz aus Ihrem Baumarkt. Langlebig und erschwinglich. K\u00c4UFERLEITFADEN Tallkobben ZAUN MIT VERDREHTEN RIPPEN ZAUN MIT GEDREHTEN RIPPEN Der Tallkobbenzaun f\u00fcr Holzlatten, die um 45 Grad gedreht angebracht [&hellip;]\" \/>\n<meta property=\"og:url\" content=\"https:\/\/dev.simplymarketing.se\/de\/zaeune\/\" \/>\n<meta property=\"og:site_name\" content=\"DEV\" \/>\n<meta property=\"article:modified_time\" content=\"2025-02-26T14:22:03+00:00\" \/>\n<meta property=\"og:image\" content=\"https:\/\/dev.simplymarketing.se\/wp-content\/uploads\/2025\/02\/Tallkobben-vitt-staket-pool-l-1.jpg\" \/>\n\t<meta property=\"og:image:width\" content=\"1400\" \/>\n\t<meta property=\"og:image:height\" content=\"933\" \/>\n\t<meta property=\"og:image:type\" content=\"image\/jpeg\" \/>\n<meta name=\"twitter:card\" content=\"summary_large_image\" \/>\n<meta name=\"twitter:label1\" content=\"Gesch\u00e4tzte Lesezeit\" \/>\n\t<meta name=\"twitter:data1\" content=\"1\u00a0Minute\" \/>\n<script type=\"application\/ld+json\" class=\"yoast-schema-graph\">{\"@context\":\"https:\/\/schema.org\",\"@graph\":[{\"@type\":\"WebPage\",\"@id\":\"https:\/\/dev.simplymarketing.se\/de\/zaeune\/\",\"url\":\"https:\/\/dev.simplymarketing.se\/de\/zaeune\/\",\"name\":\"Z\u00e4une - DEV\",\"isPartOf\":{\"@id\":\"https:\/\/dev.simplymarketing.se\/de\/#website\"},\"primaryImageOfPage\":{\"@id\":\"https:\/\/dev.simplymarketing.se\/de\/zaeune\/#primaryimage\"},\"image\":{\"@id\":\"https:\/\/dev.simplymarketing.se\/de\/zaeune\/#primaryimage\"},\"thumbnailUrl\":\"https:\/\/dev.simplymarketing.se\/wp-content\/uploads\/2025\/02\/Tallkobben-vitt-staket-pool-l-1.jpg\",\"datePublished\":\"2025-02-26T14:02:17+00:00\",\"dateModified\":\"2025-02-26T14:22:03+00:00\",\"breadcrumb\":{\"@id\":\"https:\/\/dev.simplymarketing.se\/de\/zaeune\/#breadcrumb\"},\"inLanguage\":\"de\",\"potentialAction\":[{\"@type\":\"ReadAction\",\"target\":[\"https:\/\/dev.simplymarketing.se\/de\/zaeune\/\"]}]},{\"@type\":\"ImageObject\",\"inLanguage\":\"de\",\"@id\":\"https:\/\/dev.simplymarketing.se\/de\/zaeune\/#primaryimage\",\"url\":\"https:\/\/dev.simplymarketing.se\/wp-content\/uploads\/2025\/02\/Tallkobben-vitt-staket-pool-l-1.jpg\",\"contentUrl\":\"https:\/\/dev.simplymarketing.se\/wp-content\/uploads\/2025\/02\/Tallkobben-vitt-staket-pool-l-1.jpg\",\"width\":1400,\"height\":933},{\"@type\":\"BreadcrumbList\",\"@id\":\"https:\/\/dev.simplymarketing.se\/de\/zaeune\/#breadcrumb\",\"itemListElement\":[{\"@type\":\"ListItem\",\"position\":1,\"name\":\"Hem\",\"item\":\"https:\/\/dev.simplymarketing.se\/de\/\"},{\"@type\":\"ListItem\",\"position\":2,\"name\":\"Z\u00e4une\"}]},{\"@type\":\"WebSite\",\"@id\":\"https:\/\/dev.simplymarketing.se\/de\/#website\",\"url\":\"https:\/\/dev.simplymarketing.se\/de\/\",\"name\":\"DEV\",\"description\":\"\",\"potentialAction\":[{\"@type\":\"SearchAction\",\"target\":{\"@type\":\"EntryPoint\",\"urlTemplate\":\"https:\/\/dev.simplymarketing.se\/de\/?s={search_term_string}\"},\"query-input\":{\"@type\":\"PropertyValueSpecification\",\"valueRequired\":true,\"valueName\":\"search_term_string\"}}],\"inLanguage\":\"de\"}]}<\/script>\n<!-- \/ Yoast SEO plugin. -->","yoast_head_json":{"title":"Z\u00e4une - DEV","robots":{"index":"noindex","follow":"follow","max-snippet":"max-snippet:-1","max-image-preview":"max-image-preview:large","max-video-preview":"max-video-preview:-1"},"og_locale":"de_DE","og_type":"article","og_title":"Z\u00e4une - DEV","og_description":"Z\u00e4une und Sichtschutzz\u00e4une f\u00fcr Terrassen und G\u00e4rten Wartungsfreie Zaunpfosten mit einem stilvollen Design. W\u00e4hlen Sie das Modell und die Farbe des Pfostens und kombinieren Sie ihn mit druckbehandeltem Holz aus Ihrem Baumarkt. Langlebig und erschwinglich. K\u00c4UFERLEITFADEN Tallkobben ZAUN MIT VERDREHTEN RIPPEN ZAUN MIT GEDREHTEN RIPPEN Der Tallkobbenzaun f\u00fcr Holzlatten, die um 45 Grad gedreht angebracht [&hellip;]","og_url":"https:\/\/dev.simplymarketing.se\/de\/zaeune\/","og_site_name":"DEV","article_modified_time":"2025-02-26T14:22:03+00:00","og_image":[{"width":1400,"height":933,"url":"https:\/\/dev.simplymarketing.se\/wp-content\/uploads\/2025\/02\/Tallkobben-vitt-staket-pool-l-1.jpg","type":"image\/jpeg"}],"twitter_card":"summary_large_image","twitter_misc":{"Gesch\u00e4tzte Lesezeit":"1\u00a0Minute"},"schema":{"@context":"https:\/\/schema.org","@graph":[{"@type":"WebPage","@id":"https:\/\/dev.simplymarketing.se\/de\/zaeune\/","url":"https:\/\/dev.simplymarketing.se\/de\/zaeune\/","name":"Z\u00e4une - DEV","isPartOf":{"@id":"https:\/\/dev.simplymarketing.se\/de\/#website"},"primaryImageOfPage":{"@id":"https:\/\/dev.simplymarketing.se\/de\/zaeune\/#primaryimage"},"image":{"@id":"https:\/\/dev.simplymarketing.se\/de\/zaeune\/#primaryimage"},"thumbnailUrl":"https:\/\/dev.simplymarketing.se\/wp-content\/uploads\/2025\/02\/Tallkobben-vitt-staket-pool-l-1.jpg","datePublished":"2025-02-26T14:02:17+00:00","dateModified":"2025-02-26T14:22:03+00:00","breadcrumb":{"@id":"https:\/\/dev.simplymarketing.se\/de\/zaeune\/#breadcrumb"},"inLanguage":"de","potentialAction":[{"@type":"ReadAction","target":["https:\/\/dev.simplymarketing.se\/de\/zaeune\/"]}]},{"@type":"ImageObject","inLanguage":"de","@id":"https:\/\/dev.simplymarketing.se\/de\/zaeune\/#primaryimage","url":"https:\/\/dev.simplymarketing.se\/wp-content\/uploads\/2025\/02\/Tallkobben-vitt-staket-pool-l-1.jpg","contentUrl":"https:\/\/dev.simplymarketing.se\/wp-content\/uploads\/2025\/02\/Tallkobben-vitt-staket-pool-l-1.jpg","width":1400,"height":933},{"@type":"BreadcrumbList","@id":"https:\/\/dev.simplymarketing.se\/de\/zaeune\/#breadcrumb","itemListElement":[{"@type":"ListItem","position":1,"name":"Hem","item":"https:\/\/dev.simplymarketing.se\/de\/"},{"@type":"ListItem","position":2,"name":"Z\u00e4une"}]},{"@type":"WebSite","@id":"https:\/\/dev.simplymarketing.se\/de\/#website","url":"https:\/\/dev.simplymarketing.se\/de\/","name":"DEV","description":"","potentialAction":[{"@type":"SearchAction","target":{"@type":"EntryPoint","urlTemplate":"https:\/\/dev.simplymarketing.se\/de\/?s={search_term_string}"},"query-input":{"@type":"PropertyValueSpecification","valueRequired":true,"valueName":"search_term_string"}}],"inLanguage":"de"}]}},"_links":{"self":[{"href":"https:\/\/dev.simplymarketing.se\/de\/wp-json\/wp\/v2\/pages\/227","targetHints":{"allow":["GET"]}}],"collection":[{"href":"https:\/\/dev.simplymarketing.se\/de\/wp-json\/wp\/v2\/pages"}],"about":[{"href":"https:\/\/dev.simplymarketing.se\/de\/wp-json\/wp\/v2\/types\/page"}],"author":[{"embeddable":true,"href":"https:\/\/dev.simplymarketing.se\/de\/wp-json\/wp\/v2\/users\/1"}],"replies":[{"embeddable":true,"href":"https:\/\/dev.simplymarketing.se\/de\/wp-json\/wp\/v2\/comments?post=227"}],"version-history":[{"count":1,"href":"https:\/\/dev.simplymarketing.se\/de\/wp-json\/wp\/v2\/pages\/227\/revisions"}],"predecessor-version":[{"id":228,"href":"https:\/\/dev.simplymarketing.se\/de\/wp-json\/wp\/v2\/pages\/227\/revisions\/228"}],"wp:featuredmedia":[{"embeddable":true,"href":"https:\/\/dev.simplymarketing.se\/de\/wp-json\/wp\/v2\/media\/174"}],"wp:attachment":[{"href":"https:\/\/dev.simplymarketing.se\/de\/wp-json\/wp\/v2\/media?parent=227"}],"curies":[{"name":"wp","href":"https:\/\/api.w.org\/{rel}","templated":true}]}}